{"id":928,"date":"2021-10-18T08:23:07","date_gmt":"2021-10-18T08:23:07","guid":{"rendered":"https:\/\/www.tl-larrosa.com\/tall-plasma-cnc\/"},"modified":"2021-11-02T09:30:51","modified_gmt":"2021-11-02T09:30:51","slug":"tall-plasma-cnc","status":"publish","type":"page","link":"https:\/\/www.tl-larrosa.com\/ca\/tall-plasma-cnc\/","title":{"rendered":"Tall Plasma CNC"},"content":{"rendered":"[vc_row thb_full_width=&#8221;true&#8221; thb_row_padding=&#8221;true&#8221; thb_column_padding=&#8221;true&#8221; full_height=&#8221;yes&#8221; columns_placement=&#8221;bottom&#8221; content_placement=&#8221;bottom&#8221; css=&#8221;.vc_custom_1616749707399{margin-bottom: 15vh !important;padding-top: 200px !important;padding-bottom: 12vh !important;background-position: center !important;background-repeat: no-repeat !important;background-size: cover !important;}&#8221; thb_video_bg=&#8221;https:\/\/www.tl-larrosa.com\/wp-content\/uploads\/2021\/03\/video-plasma-CNC-3.mp4&#8243; thb_video_overlay_color=&#8221;rgba(0,0,0,0.25)&#8221;][vc_column][vc_row_inner][vc_column_inner thb_color=&#8221;thb-light-column&#8221;]\t<div id=\"thb-slidetype-69d76c5fac3ad\" class=\"thb-slidetype \" data-style=\"style1\">\n\t\t\n<h2><span class=\"thb-slidetype-entry\"><span class=\"lines\">Tall Plasma CNC<\/span><\/span><\/h2>\n\t\t\t<\/div>\n\n\t\t<a class=\"btn-text  animation left-to-right-3d style4\" href=\"https:\/\/www.tl-larrosa.com\/ca\/contacte\/\" target=\"_self\" role=\"button\" title=\"Comen\u00e7ar un projecte\">\n\t\t<span>Comen\u00e7ar un projecte<\/span>\n\t\t\t\t<div class=\"arrow\"><div><svg xmlns=\"http:\/\/www.w3.org\/2000\/svg\" xmlns:xlink=\"http:\/\/www.w3.org\/1999\/xlink\" x=\"0px\" y=\"0px\"\r\n\t width=\"30px\" height=\"18px\" viewBox=\"0 0 30 18\" enable-background=\"new 0 0 30 18\" xml:space=\"preserve\">\r\n<path class=\"handle\" d=\"M20.305,16.212c-0.407,0.409-0.407,1.071,0,1.479s1.068,0.408,1.476,0l7.914-7.952c0.408-0.409,0.408-1.071,0-1.481\r\n\tl-7.914-7.952c-0.407-0.409-1.068-0.409-1.476,0s-0.407,1.071,0,1.48l7.185,7.221L20.305,16.212z\"\/>\r\n<path class=\"bar\" fill-rule=\"evenodd\" clip-rule=\"evenodd\" d=\"M1,8h28.001c0.551,0,1,0.448,1,1c0,0.553-0.449,1-1,1H1c-0.553,0-1-0.447-1-1\r\n\tC0,8.448,0.447,8,1,8z\"\/>\r\n<\/svg>\r\n<svg xmlns=\"http:\/\/www.w3.org\/2000\/svg\" xmlns:xlink=\"http:\/\/www.w3.org\/1999\/xlink\" x=\"0px\" y=\"0px\"\r\n\t width=\"30px\" height=\"18px\" viewBox=\"0 0 30 18\" enable-background=\"new 0 0 30 18\" xml:space=\"preserve\">\r\n<path class=\"handle\" d=\"M20.305,16.212c-0.407,0.409-0.407,1.071,0,1.479s1.068,0.408,1.476,0l7.914-7.952c0.408-0.409,0.408-1.071,0-1.481\r\n\tl-7.914-7.952c-0.407-0.409-1.068-0.409-1.476,0s-0.407,1.071,0,1.48l7.185,7.221L20.305,16.212z\"\/>\r\n<path class=\"bar\" fill-rule=\"evenodd\" clip-rule=\"evenodd\" d=\"M1,8h28.001c0.551,0,1,0.448,1,1c0,0.553-0.449,1-1,1H1c-0.553,0-1-0.447-1-1\r\n\tC0,8.448,0.447,8,1,8z\"\/>\r\n<\/svg>\r\n<\/div><\/div>\t\t<\/a>\n\n\t[vc_empty_space][\/vc_column_inner][\/vc_row_inner][\/vc_column][\/vc_row][vc_row el_class=&#8221;align-center&#8221; css=&#8221;.vc_custom_1519132866918{padding-top: 12vh !important;}&#8221;][vc_column offset=&#8221;vc_col-lg-7 vc_col-md-8&#8243; el_class=&#8221;text-center&#8221;][vc_column_text]\n<h2 style=\"color: #b8b8b8;\">Qu\u00e8 \u00e9s el Tall Plasma?<\/h2>\n[\/vc_column_text][vc_column_text]\n<p>El tall plasma \u00e9s un proc\u00e9s de tall on s&#8217;utilitza l&#8217;electricitat per a convertir l&#8217;aire en un arc plasma oprimit en el filtre de tall i es focalitza en una \u00e0rea petita del material base generant una densitat d&#8217;energia prou elevada per a vaporitzar i fondre el metall.<\/p>\n[\/vc_column_text][\/vc_column][\/vc_row][vc_row el_class=&#8221;align-center&#8221; css=&#8221;.vc_custom_1519132866918{padding-top: 12vh !important;}&#8221;][vc_column offset=&#8221;vc_col-lg-7 vc_col-md-8&#8243; el_class=&#8221;text-center&#8221;][vc_column_text]\n<h2 style=\"color: #b8b8b8;\">Avantatges del Tall Plasma CNC<\/h2>\n[\/vc_column_text][\/vc_column][\/vc_row][vc_row css=&#8221;.vc_custom_1519133005499{padding-top: 6vh !important;padding-bottom: 12vh !important;}&#8221;][vc_column width=&#8221;1\/4&#8243;]\t<div id=\"thb-iconbox-69d76c5fac5db\" class=\"thb-iconbox top type2  has-img  text-center animation-true\" href=\"\" target=\"_self\" data-animation_speed=\"1.5\">\n\t\t\t\t<figure>\n\t\t\t\t\t\t\t<div class=\"iconbox-image\">\n\t\t\t\t\t<img loading=\"lazy\" decoding=\"async\" width=\"201\" height=\"200\" src=\"data:image\/gif;base64,R0lGODlhAQABAAAAACH5BAEKAAEALAAAAAABAAEAAAICTAEAOw==\" class=\"thb_image retina_size attachment-full thb-lazyload lazyload\" alt=\"- Aluminio Hierro Valles\" sizes=\"(max-width: 201px) 100vw, 201px\" data-src=\"https:\/\/www.tl-larrosa.com\/wp-content\/uploads\/2021\/03\/preciso.jpg\" data-sizes=\"auto\" data-srcset=\"https:\/\/www.tl-larrosa.com\/wp-content\/uploads\/2021\/03\/preciso.jpg 201w, https:\/\/www.tl-larrosa.com\/wp-content\/uploads\/2021\/03\/preciso-150x150.jpg 150w, https:\/\/www.tl-larrosa.com\/wp-content\/uploads\/2021\/03\/preciso-100x100.jpg 100w, https:\/\/www.tl-larrosa.com\/wp-content\/uploads\/2021\/03\/preciso-20x20.jpg 20w, https:\/\/www.tl-larrosa.com\/wp-content\/uploads\/2021\/03\/preciso-190x189.jpg 190w\">\t\t\t\t\t\t\t\t\t<\/div>\n\t\t\t\t\t\t\t\t\t\t\t\t\t\t\t\t<h5>Tall exacte i prec\u00eds.<\/h5>\t\t\t\t\t\t\t\t\t\t<span class=\"thb-iconbox-line\"><\/span>\n\t\t\t\t\t<\/figure>\n\t\t\t\t<div class=\"iconbox-content\">\n\t\t\t\t\t\t\t\t\t\t\t<\/div>\n\t\t<style>\n\t\t\t\t\t\t\t\t\t\t\t\t\t\t\t\t\t\t\t\t\t\t\t\t\/* Hover *\/\n\t\t\t\t\t\t\t\t\t\t\t<\/style>\n\t<\/div>\n\t[\/vc_column][vc_column width=&#8221;1\/4&#8243;]\t<div id=\"thb-iconbox-69d76c5fad291\" class=\"thb-iconbox top type2  has-img  text-center animation-true\" href=\"\" target=\"_self\" data-animation_speed=\"1.5\">\n\t\t\t\t<figure>\n\t\t\t\t\t\t\t<div class=\"iconbox-image\">\n\t\t\t\t\t<img loading=\"lazy\" decoding=\"async\" width=\"200\" height=\"200\" src=\"data:image\/gif;base64,R0lGODlhAQABAAAAACH5BAEKAAEALAAAAAABAAEAAAICTAEAOw==\" class=\"thb_image retina_size attachment-full thb-lazyload lazyload\" alt=\"- Aluminio Hierro Valles\" sizes=\"(max-width: 200px) 100vw, 200px\" data-src=\"https:\/\/www.tl-larrosa.com\/wp-content\/uploads\/2021\/03\/rapido.jpg\" data-sizes=\"auto\" data-srcset=\"https:\/\/www.tl-larrosa.com\/wp-content\/uploads\/2021\/03\/rapido.jpg 200w, https:\/\/www.tl-larrosa.com\/wp-content\/uploads\/2021\/03\/rapido-150x150.jpg 150w, https:\/\/www.tl-larrosa.com\/wp-content\/uploads\/2021\/03\/rapido-100x100.jpg 100w, https:\/\/www.tl-larrosa.com\/wp-content\/uploads\/2021\/03\/rapido-20x20.jpg 20w, https:\/\/www.tl-larrosa.com\/wp-content\/uploads\/2021\/03\/rapido-190x190.jpg 190w\">\t\t\t\t\t\t\t\t\t<\/div>\n\t\t\t\t\t\t\t\t\t\t\t\t\t\t\t\t<h5>Tall r\u00e0pid.<\/h5>\t\t\t\t\t\t\t\t\t\t<span class=\"thb-iconbox-line\"><\/span>\n\t\t\t\t\t<\/figure>\n\t\t\t\t<div class=\"iconbox-content\">\n\t\t\t\t\t\t\t\t\t\t\t<\/div>\n\t\t<style>\n\t\t\t\t\t\t\t\t\t\t\t\t\t\t\t\t\t\t\t\t\t\t\t\t\/* Hover *\/\n\t\t\t\t\t\t\t\t\t\t\t<\/style>\n\t<\/div>\n\t[\/vc_column][vc_column width=&#8221;1\/4&#8243;]\t<div id=\"thb-iconbox-69d76c5fadbe8\" class=\"thb-iconbox top type2  has-img  text-center animation-true\" href=\"\" target=\"_self\" data-animation_speed=\"1.5\">\n\t\t\t\t<figure>\n\t\t\t\t\t\t\t<div class=\"iconbox-image\">\n\t\t\t\t\t<img loading=\"lazy\" decoding=\"async\" width=\"201\" height=\"200\" src=\"data:image\/gif;base64,R0lGODlhAQABAAAAACH5BAEKAAEALAAAAAABAAEAAAICTAEAOw==\" class=\"thb_image retina_size attachment-full thb-lazyload lazyload\" alt=\"- Aluminio Hierro Valles\" sizes=\"(max-width: 201px) 100vw, 201px\" data-src=\"https:\/\/www.tl-larrosa.com\/wp-content\/uploads\/2021\/03\/adaptable.jpg\" data-sizes=\"auto\" data-srcset=\"https:\/\/www.tl-larrosa.com\/wp-content\/uploads\/2021\/03\/adaptable.jpg 201w, https:\/\/www.tl-larrosa.com\/wp-content\/uploads\/2021\/03\/adaptable-150x150.jpg 150w, https:\/\/www.tl-larrosa.com\/wp-content\/uploads\/2021\/03\/adaptable-100x100.jpg 100w, https:\/\/www.tl-larrosa.com\/wp-content\/uploads\/2021\/03\/adaptable-20x20.jpg 20w, https:\/\/www.tl-larrosa.com\/wp-content\/uploads\/2021\/03\/adaptable-190x189.jpg 190w\">\t\t\t\t\t\t\t\t\t<\/div>\n\t\t\t\t\t\t\t\t\t\t\t\t\t\t\t\t<h5>Tall adaptable a diferents materials i gruixos.<\/h5>\t\t\t\t\t\t\t\t\t\t<span class=\"thb-iconbox-line\"><\/span>\n\t\t\t\t\t<\/figure>\n\t\t\t\t<div class=\"iconbox-content\">\n\t\t\t\t\t\t\t\t\t\t\t<\/div>\n\t\t<style>\n\t\t\t\t\t\t\t\t\t\t\t\t\t\t\t\t\t\t\t\t\t\t\t\t\/* Hover *\/\n\t\t\t\t\t\t\t\t\t\t\t<\/style>\n\t<\/div>\n\t[\/vc_column][vc_column width=&#8221;1\/4&#8243;]\t<div id=\"thb-iconbox-69d76c5fae5a2\" class=\"thb-iconbox top type2  has-img  text-center animation-true\" href=\"\" target=\"_self\" data-animation_speed=\"1.5\">\n\t\t\t\t<figure>\n\t\t\t\t\t\t\t<div class=\"iconbox-image\">\n\t\t\t\t\t<img loading=\"lazy\" decoding=\"async\" width=\"201\" height=\"200\" src=\"data:image\/gif;base64,R0lGODlhAQABAAAAACH5BAEKAAEALAAAAAABAAEAAAICTAEAOw==\" class=\"thb_image retina_size attachment-full thb-lazyload lazyload\" alt=\"- Aluminio Hierro Valles\" sizes=\"(max-width: 201px) 100vw, 201px\" data-src=\"https:\/\/www.tl-larrosa.com\/wp-content\/uploads\/2021\/03\/seguro.jpg\" data-sizes=\"auto\" data-srcset=\"https:\/\/www.tl-larrosa.com\/wp-content\/uploads\/2021\/03\/seguro.jpg 201w, https:\/\/www.tl-larrosa.com\/wp-content\/uploads\/2021\/03\/seguro-150x150.jpg 150w, https:\/\/www.tl-larrosa.com\/wp-content\/uploads\/2021\/03\/seguro-100x100.jpg 100w, https:\/\/www.tl-larrosa.com\/wp-content\/uploads\/2021\/03\/seguro-20x20.jpg 20w, https:\/\/www.tl-larrosa.com\/wp-content\/uploads\/2021\/03\/seguro-190x189.jpg 190w\">\t\t\t\t\t\t\t\t\t<\/div>\n\t\t\t\t\t\t\t\t\t\t\t\t\t\t\t\t<h5>Tall segur.<\/h5>\t\t\t\t\t\t\t\t\t\t<span class=\"thb-iconbox-line\"><\/span>\n\t\t\t\t\t<\/figure>\n\t\t\t\t<div class=\"iconbox-content\">\n\t\t\t\t\t\t\t\t\t\t\t<\/div>\n\t\t<style>\n\t\t\t\t\t\t\t\t\t\t\t\t\t\t\t\t\t\t\t\t\t\t\t\t\/* Hover *\/\n\t\t\t\t\t\t\t\t\t\t\t<\/style>\n\t<\/div>\n\t[\/vc_column][\/vc_row][vc_row thb_full_width=&#8221;true&#8221; css=&#8221;.vc_custom_1615291478242{margin-top: 12vh !important;padding-top: 12vh !important;padding-bottom: 12vh !important;background-color: #efefef !important;}&#8221;][vc_column width=&#8221;1\/2&#8243;][vc_empty_space height=&#8221;80px&#8221;]\t<div id=\"thb-slidetype-69d76c5faf024\" class=\"thb-slidetype \" data-style=\"style1\">\n\t\t\n<h2><span class=\"thb-slidetype-entry\"><span class=\"lines\">A Cerrajer\u00eda y Aluminio Larrosa, S.L. utilitzem la nostra m\u00e0quina de plasma CNC tant per a producci\u00f3 pr\u00f2pia, com per a producci\u00f3 a clients externs.<\/span><\/span><\/h2>\n\t\t\t<\/div>\n\n\t[vc_column_text animation=&#8221;animation bottom-to-top&#8221;]<span style=\"color: #91959c;\">El CNC ens permet:<\/span><\/p>\n<ul>\n<li><strong>Tallar xapa plana.<\/strong><\/li>\n<li><strong>Treballar amb 5 eixos per a poder realitzar corts 3D en bigues.<\/strong><\/li>\n<li><strong>Treballar amb gran varietat de gruixos.<\/strong><\/li>\n<li><strong>Treballar amb diferents materials base.<\/strong><\/li>\n<li><strong>Precisions de 0,1 mm.<\/strong><\/li>\n<li><strong>\u00c0rea \u00fatil de 2000\u00d76000 mm de longitud.<\/strong><\/li>\n<\/ul>\n<p><span style=\"color: #91959c;\">Tot treball realitzat amb plasma pot ser adaptat, creat i modulat mitjan\u00e7ant el nostre personal de taller de serralleria, el qual ens permet realitzar i lliurar a client productes acabats, sense m\u00e9s intermediaris.<\/span>[\/vc_column_text][vc_empty_space height=&#8221;80px&#8221;][\/vc_column][vc_column video_bg=&#8221;yes&#8221; video_bg_url=&#8221;&#8221; width=&#8221;1\/2&#8243; thb_video_bg=&#8221;https:\/\/www.tl-larrosa.com\/wp-content\/uploads\/2021\/03\/corte-plasma-4.mp4&#8243;][\/vc_column][\/vc_row][vc_row thb_full_width=&#8221;true&#8221; thb_row_padding=&#8221;true&#8221; thb_column_padding=&#8221;true&#8221; css=&#8221;.vc_custom_1616749428777{padding-bottom: 6vh !important;}&#8221;][vc_column]\t<div id=\"thb-image-slider-590\" class=\"thb-image-slider thb-carousel row  overflow-visible thb_center  \" data-pagination=\"\" data-center=\"true\" data-columns=\"small-12 medium-4\" data-infinite=\"true\" data-autoplay=\"true\" data-autoplay-speed=\"2000\" data-navigation=\"\">\n\t\t\t\t\t\t<figure class=\"columns\">\n\t\t\t\t\t\t\t\t<img loading=\"lazy\" decoding=\"async\" width=\"1200\" height=\"900\" src=\"data:image\/gif;base64,R0lGODlhAQABAAAAACH5BAEKAAEALAAAAAABAAEAAAICTAEAOw==\" class=\" thb-lazyload lazyload\" alt=\"- Aluminio Hierro Valles\" sizes=\"(max-width: 1200px) 100vw, 1200px\" data-src=\"https:\/\/www.tl-larrosa.com\/wp-content\/uploads\/2021\/03\/IMG_0943.jpg\" data-sizes=\"auto\" data-srcset=\"https:\/\/www.tl-larrosa.com\/wp-content\/uploads\/2021\/03\/IMG_0943.jpg 1200w, https:\/\/www.tl-larrosa.com\/wp-content\/uploads\/2021\/03\/IMG_0943-300x225.jpg 300w, https:\/\/www.tl-larrosa.com\/wp-content\/uploads\/2021\/03\/IMG_0943-1024x768.jpg 1024w, https:\/\/www.tl-larrosa.com\/wp-content\/uploads\/2021\/03\/IMG_0943-768x576.jpg 768w, https:\/\/www.tl-larrosa.com\/wp-content\/uploads\/2021\/03\/IMG_0943-380x285.jpg 380w, https:\/\/www.tl-larrosa.com\/wp-content\/uploads\/2021\/03\/IMG_0943-20x15.jpg 20w, https:\/\/www.tl-larrosa.com\/wp-content\/uploads\/2021\/03\/IMG_0943-190x143.jpg 190w, https:\/\/www.tl-larrosa.com\/wp-content\/uploads\/2021\/03\/IMG_0943-760x570.jpg 760w, https:\/\/www.tl-larrosa.com\/wp-content\/uploads\/2021\/03\/IMG_0943-1140x855.jpg 1140w\">\t\t\t\t\t\t\t\t<\/figure>\n\t\t\t\t\t\t\t<figure class=\"columns\">\n\t\t\t\t\t\t\t\t<img loading=\"lazy\" decoding=\"async\" width=\"1200\" height=\"900\" src=\"data:image\/gif;base64,R0lGODlhAQABAAAAACH5BAEKAAEALAAAAAABAAEAAAICTAEAOw==\" class=\" thb-lazyload lazyload\" alt=\"- Aluminio Hierro Valles\" sizes=\"(max-width: 1200px) 100vw, 1200px\" data-src=\"https:\/\/www.tl-larrosa.com\/wp-content\/uploads\/2021\/03\/IMG_0944.jpg\" data-sizes=\"auto\" data-srcset=\"https:\/\/www.tl-larrosa.com\/wp-content\/uploads\/2021\/03\/IMG_0944.jpg 1200w, https:\/\/www.tl-larrosa.com\/wp-content\/uploads\/2021\/03\/IMG_0944-300x225.jpg 300w, https:\/\/www.tl-larrosa.com\/wp-content\/uploads\/2021\/03\/IMG_0944-1024x768.jpg 1024w, https:\/\/www.tl-larrosa.com\/wp-content\/uploads\/2021\/03\/IMG_0944-768x576.jpg 768w, https:\/\/www.tl-larrosa.com\/wp-content\/uploads\/2021\/03\/IMG_0944-380x285.jpg 380w, https:\/\/www.tl-larrosa.com\/wp-content\/uploads\/2021\/03\/IMG_0944-20x15.jpg 20w, https:\/\/www.tl-larrosa.com\/wp-content\/uploads\/2021\/03\/IMG_0944-190x143.jpg 190w, https:\/\/www.tl-larrosa.com\/wp-content\/uploads\/2021\/03\/IMG_0944-760x570.jpg 760w, https:\/\/www.tl-larrosa.com\/wp-content\/uploads\/2021\/03\/IMG_0944-1140x855.jpg 1140w\">\t\t\t\t\t\t\t\t<\/figure>\n\t\t\t\t\t\t\t<figure class=\"columns\">\n\t\t\t\t\t\t\t\t<img loading=\"lazy\" decoding=\"async\" width=\"1200\" height=\"900\" src=\"data:image\/gif;base64,R0lGODlhAQABAAAAACH5BAEKAAEALAAAAAABAAEAAAICTAEAOw==\" class=\" thb-lazyload lazyload\" alt=\"- Aluminio Hierro Valles\" sizes=\"(max-width: 1200px) 100vw, 1200px\" data-src=\"https:\/\/www.tl-larrosa.com\/wp-content\/uploads\/2021\/03\/IMG_1610.jpg\" data-sizes=\"auto\" data-srcset=\"https:\/\/www.tl-larrosa.com\/wp-content\/uploads\/2021\/03\/IMG_1610.jpg 1200w, https:\/\/www.tl-larrosa.com\/wp-content\/uploads\/2021\/03\/IMG_1610-300x225.jpg 300w, https:\/\/www.tl-larrosa.com\/wp-content\/uploads\/2021\/03\/IMG_1610-1024x768.jpg 1024w, https:\/\/www.tl-larrosa.com\/wp-content\/uploads\/2021\/03\/IMG_1610-768x576.jpg 768w, https:\/\/www.tl-larrosa.com\/wp-content\/uploads\/2021\/03\/IMG_1610-380x285.jpg 380w, https:\/\/www.tl-larrosa.com\/wp-content\/uploads\/2021\/03\/IMG_1610-20x15.jpg 20w, https:\/\/www.tl-larrosa.com\/wp-content\/uploads\/2021\/03\/IMG_1610-190x143.jpg 190w, https:\/\/www.tl-larrosa.com\/wp-content\/uploads\/2021\/03\/IMG_1610-760x570.jpg 760w, https:\/\/www.tl-larrosa.com\/wp-content\/uploads\/2021\/03\/IMG_1610-1140x855.jpg 1140w\">\t\t\t\t\t\t\t\t<\/figure>\n\t\t\t\t\t\t\t<figure class=\"columns\">\n\t\t\t\t\t\t\t\t<img loading=\"lazy\" decoding=\"async\" width=\"1200\" height=\"900\" src=\"data:image\/gif;base64,R0lGODlhAQABAAAAACH5BAEKAAEALAAAAAABAAEAAAICTAEAOw==\" class=\" thb-lazyload lazyload\" alt=\"- Aluminio Hierro Valles\" sizes=\"(max-width: 1200px) 100vw, 1200px\" data-src=\"https:\/\/www.tl-larrosa.com\/wp-content\/uploads\/2021\/03\/IMG_1613.jpg\" data-sizes=\"auto\" data-srcset=\"https:\/\/www.tl-larrosa.com\/wp-content\/uploads\/2021\/03\/IMG_1613.jpg 1200w, https:\/\/www.tl-larrosa.com\/wp-content\/uploads\/2021\/03\/IMG_1613-300x225.jpg 300w, https:\/\/www.tl-larrosa.com\/wp-content\/uploads\/2021\/03\/IMG_1613-1024x768.jpg 1024w, https:\/\/www.tl-larrosa.com\/wp-content\/uploads\/2021\/03\/IMG_1613-768x576.jpg 768w, https:\/\/www.tl-larrosa.com\/wp-content\/uploads\/2021\/03\/IMG_1613-380x285.jpg 380w, https:\/\/www.tl-larrosa.com\/wp-content\/uploads\/2021\/03\/IMG_1613-20x15.jpg 20w, https:\/\/www.tl-larrosa.com\/wp-content\/uploads\/2021\/03\/IMG_1613-190x143.jpg 190w, https:\/\/www.tl-larrosa.com\/wp-content\/uploads\/2021\/03\/IMG_1613-760x570.jpg 760w, https:\/\/www.tl-larrosa.com\/wp-content\/uploads\/2021\/03\/IMG_1613-1140x855.jpg 1140w\">\t\t\t\t\t\t\t\t<\/figure>\n\t\t\t\t\t\t\t<figure class=\"columns\">\n\t\t\t\t\t\t\t\t<img loading=\"lazy\" decoding=\"async\" width=\"1200\" height=\"900\" src=\"data:image\/gif;base64,R0lGODlhAQABAAAAACH5BAEKAAEALAAAAAABAAEAAAICTAEAOw==\" class=\" thb-lazyload lazyload\" alt=\"- Aluminio Hierro Valles\" sizes=\"(max-width: 1200px) 100vw, 1200px\" data-src=\"https:\/\/www.tl-larrosa.com\/wp-content\/uploads\/2021\/03\/IMG_1614.jpg\" data-sizes=\"auto\" data-srcset=\"https:\/\/www.tl-larrosa.com\/wp-content\/uploads\/2021\/03\/IMG_1614.jpg 1200w, https:\/\/www.tl-larrosa.com\/wp-content\/uploads\/2021\/03\/IMG_1614-300x225.jpg 300w, https:\/\/www.tl-larrosa.com\/wp-content\/uploads\/2021\/03\/IMG_1614-1024x768.jpg 1024w, https:\/\/www.tl-larrosa.com\/wp-content\/uploads\/2021\/03\/IMG_1614-768x576.jpg 768w, https:\/\/www.tl-larrosa.com\/wp-content\/uploads\/2021\/03\/IMG_1614-380x285.jpg 380w, https:\/\/www.tl-larrosa.com\/wp-content\/uploads\/2021\/03\/IMG_1614-20x15.jpg 20w, https:\/\/www.tl-larrosa.com\/wp-content\/uploads\/2021\/03\/IMG_1614-190x143.jpg 190w, https:\/\/www.tl-larrosa.com\/wp-content\/uploads\/2021\/03\/IMG_1614-760x570.jpg 760w, https:\/\/www.tl-larrosa.com\/wp-content\/uploads\/2021\/03\/IMG_1614-1140x855.jpg 1140w\">\t\t\t\t\t\t\t\t<\/figure>\n\t\t\t\t\t\t\t<figure class=\"columns\">\n\t\t\t\t\t\t\t\t<img loading=\"lazy\" decoding=\"async\" width=\"1200\" height=\"900\" src=\"data:image\/gif;base64,R0lGODlhAQABAAAAACH5BAEKAAEALAAAAAABAAEAAAICTAEAOw==\" class=\" thb-lazyload lazyload\" alt=\"- Aluminio Hierro Valles\" sizes=\"(max-width: 1200px) 100vw, 1200px\" data-src=\"https:\/\/www.tl-larrosa.com\/wp-content\/uploads\/2021\/03\/IMG_1615.jpg\" data-sizes=\"auto\" data-srcset=\"https:\/\/www.tl-larrosa.com\/wp-content\/uploads\/2021\/03\/IMG_1615.jpg 1200w, https:\/\/www.tl-larrosa.com\/wp-content\/uploads\/2021\/03\/IMG_1615-300x225.jpg 300w, https:\/\/www.tl-larrosa.com\/wp-content\/uploads\/2021\/03\/IMG_1615-1024x768.jpg 1024w, https:\/\/www.tl-larrosa.com\/wp-content\/uploads\/2021\/03\/IMG_1615-768x576.jpg 768w, https:\/\/www.tl-larrosa.com\/wp-content\/uploads\/2021\/03\/IMG_1615-380x285.jpg 380w, https:\/\/www.tl-larrosa.com\/wp-content\/uploads\/2021\/03\/IMG_1615-20x15.jpg 20w, https:\/\/www.tl-larrosa.com\/wp-content\/uploads\/2021\/03\/IMG_1615-190x143.jpg 190w, https:\/\/www.tl-larrosa.com\/wp-content\/uploads\/2021\/03\/IMG_1615-760x570.jpg 760w, https:\/\/www.tl-larrosa.com\/wp-content\/uploads\/2021\/03\/IMG_1615-1140x855.jpg 1140w\">\t\t\t\t\t\t\t\t<\/figure>\n\t\t\t\t\t\t\t<figure class=\"columns\">\n\t\t\t\t\t\t\t\t<img loading=\"lazy\" decoding=\"async\" width=\"1200\" height=\"900\" src=\"data:image\/gif;base64,R0lGODlhAQABAAAAACH5BAEKAAEALAAAAAABAAEAAAICTAEAOw==\" class=\" thb-lazyload lazyload\" alt=\"- Aluminio Hierro Valles\" sizes=\"(max-width: 1200px) 100vw, 1200px\" data-src=\"https:\/\/www.tl-larrosa.com\/wp-content\/uploads\/2021\/03\/IMG_1617.jpg\" data-sizes=\"auto\" data-srcset=\"https:\/\/www.tl-larrosa.com\/wp-content\/uploads\/2021\/03\/IMG_1617.jpg 1200w, https:\/\/www.tl-larrosa.com\/wp-content\/uploads\/2021\/03\/IMG_1617-300x225.jpg 300w, https:\/\/www.tl-larrosa.com\/wp-content\/uploads\/2021\/03\/IMG_1617-1024x768.jpg 1024w, https:\/\/www.tl-larrosa.com\/wp-content\/uploads\/2021\/03\/IMG_1617-768x576.jpg 768w, https:\/\/www.tl-larrosa.com\/wp-content\/uploads\/2021\/03\/IMG_1617-380x285.jpg 380w, https:\/\/www.tl-larrosa.com\/wp-content\/uploads\/2021\/03\/IMG_1617-20x15.jpg 20w, https:\/\/www.tl-larrosa.com\/wp-content\/uploads\/2021\/03\/IMG_1617-190x143.jpg 190w, https:\/\/www.tl-larrosa.com\/wp-content\/uploads\/2021\/03\/IMG_1617-760x570.jpg 760w, https:\/\/www.tl-larrosa.com\/wp-content\/uploads\/2021\/03\/IMG_1617-1140x855.jpg 1140w\">\t\t\t\t\t\t\t\t<\/figure>\n\t\t\t\t<\/div>\n\t[\/vc_column][\/vc_row][vc_row css=&#8221;.vc_custom_1608563134128{margin-top: 10vh !important;padding-bottom: 15vh !important;}&#8221;][vc_column width=&#8221;1\/4&#8243;][vc_column_text]\n<h5><span style=\"color: #b8b8b8;\">Contacte<\/span><\/h5>\n[\/vc_column_text][vc_empty_space height=&#8221;40px&#8221;][\/vc_column][vc_column width=&#8221;3\/4&#8243;][vc_column_text]\n<h3>Explica&#8217;ns el teu projecte, segur que podrem ajudar-te.<\/h3>\n[\/vc_column_text]\t<a class=\"btn-text   style4\" href=\"https:\/\/www.tl-larrosa.com\/ca\/contacte\/\" target=\"_self\" role=\"button\" title=\"Comen\u00e7ar un projecte\">\n\t\t<span>Comen\u00e7ar un projecte<\/span>\n\t\t\t\t<div class=\"arrow\"><div><svg xmlns=\"http:\/\/www.w3.org\/2000\/svg\" xmlns:xlink=\"http:\/\/www.w3.org\/1999\/xlink\" x=\"0px\" y=\"0px\"\r\n\t width=\"30px\" height=\"18px\" viewBox=\"0 0 30 18\" enable-background=\"new 0 0 30 18\" xml:space=\"preserve\">\r\n<path class=\"handle\" d=\"M20.305,16.212c-0.407,0.409-0.407,1.071,0,1.479s1.068,0.408,1.476,0l7.914-7.952c0.408-0.409,0.408-1.071,0-1.481\r\n\tl-7.914-7.952c-0.407-0.409-1.068-0.409-1.476,0s-0.407,1.071,0,1.48l7.185,7.221L20.305,16.212z\"\/>\r\n<path class=\"bar\" fill-rule=\"evenodd\" clip-rule=\"evenodd\" d=\"M1,8h28.001c0.551,0,1,0.448,1,1c0,0.553-0.449,1-1,1H1c-0.553,0-1-0.447-1-1\r\n\tC0,8.448,0.447,8,1,8z\"\/>\r\n<\/svg>\r\n<svg xmlns=\"http:\/\/www.w3.org\/2000\/svg\" xmlns:xlink=\"http:\/\/www.w3.org\/1999\/xlink\" x=\"0px\" y=\"0px\"\r\n\t width=\"30px\" height=\"18px\" viewBox=\"0 0 30 18\" enable-background=\"new 0 0 30 18\" xml:space=\"preserve\">\r\n<path class=\"handle\" d=\"M20.305,16.212c-0.407,0.409-0.407,1.071,0,1.479s1.068,0.408,1.476,0l7.914-7.952c0.408-0.409,0.408-1.071,0-1.481\r\n\tl-7.914-7.952c-0.407-0.409-1.068-0.409-1.476,0s-0.407,1.071,0,1.48l7.185,7.221L20.305,16.212z\"\/>\r\n<path class=\"bar\" fill-rule=\"evenodd\" clip-rule=\"evenodd\" d=\"M1,8h28.001c0.551,0,1,0.448,1,1c0,0.553-0.449,1-1,1H1c-0.553,0-1-0.447-1-1\r\n\tC0,8.448,0.447,8,1,8z\"\/>\r\n<\/svg>\r\n<\/div><\/div>\t\t<\/a>\n\n\t[\/vc_column][\/vc_row]\n","protected":false},"excerpt":{"rendered":"<p>[vc_row thb_full_width=&#8221;true&#8221; thb_row_padding=&#8221;true&#8221; thb_column_padding=&#8221;true&#8221; full_height=&#8221;yes&#8221; columns_placement=&#8221;bottom&#8221; content_placement=&#8221;bottom&#8221; css=&#8221;.vc_custom_1616749707399{margin-bottom: 15vh !important;padding-top: 200px !important;padding-bottom: 12vh !important;background-position: center !important;background-repeat: no-repeat !important;background-size: cover !important;}&#8221; thb_video_bg=&#8221;https:\/\/www.tl-larrosa.com\/wp-content\/uploads\/2021\/03\/video-plasma-CNC-3.mp4&#8243; thb_video_overlay_color=&#8221;rgba(0,0,0,0.25)&#8221;][vc_column][vc_row_inner][vc_column_inner thb_color=&#8221;thb-light-column&#8221;][vc_empty_space][\/vc_column_inner][\/vc_row_inner][\/vc_column][\/vc_row][vc_row el_class=&#8221;align-center&#8221; css=&#8221;.vc_custom_1519132866918{padding-top: 12vh !important;}&#8221;][vc_column offset=&#8221;vc_col-lg-7 vc_col-md-8&#8243; el_class=&#8221;text-center&#8221;][vc_column_text] Qu\u00e8 \u00e9s el Tall Plasma? [\/vc_column_text][vc_column_text] El tall plasma \u00e9s un proc\u00e9s de tall on s&#8217;utilitza l&#8217;electricitat per a convertir l&#8217;aire en un arc plasma&hellip;<\/p>\n","protected":false},"author":1,"featured_media":0,"parent":0,"menu_order":0,"comment_status":"closed","ping_status":"closed","template":"","meta":{"footnotes":""},"_links":{"self":[{"href":"https:\/\/www.tl-larrosa.com\/ca\/wp-json\/wp\/v2\/pages\/928"}],"collection":[{"href":"https:\/\/www.tl-larrosa.com\/ca\/wp-json\/wp\/v2\/pages"}],"about":[{"href":"https:\/\/www.tl-larrosa.com\/ca\/wp-json\/wp\/v2\/types\/page"}],"author":[{"embeddable":true,"href":"https:\/\/www.tl-larrosa.com\/ca\/wp-json\/wp\/v2\/users\/1"}],"replies":[{"embeddable":true,"href":"https:\/\/www.tl-larrosa.com\/ca\/wp-json\/wp\/v2\/comments?post=928"}],"version-history":[{"count":5,"href":"https:\/\/www.tl-larrosa.com\/ca\/wp-json\/wp\/v2\/pages\/928\/revisions"}],"predecessor-version":[{"id":981,"href":"https:\/\/www.tl-larrosa.com\/ca\/wp-json\/wp\/v2\/pages\/928\/revisions\/981"}],"wp:attachment":[{"href":"https:\/\/www.tl-larrosa.com\/ca\/wp-json\/wp\/v2\/media?parent=928"}],"curies":[{"name":"wp","href":"https:\/\/api.w.org\/{rel}","templated":true}]}}